{"id":1657,"date":"2023-12-26T16:02:48","date_gmt":"2023-12-26T16:02:48","guid":{"rendered":"https:\/\/materiadesign.pt\/ept-temp\/?page_id=1657"},"modified":"2024-02-02T17:07:20","modified_gmt":"2024-02-02T17:07:20","slug":"noticias","status":"publish","type":"page","link":"https:\/\/materiadesign.pt\/ept-temp\/noticias\/","title":{"rendered":"Not\u00edcias"},"content":{"rendered":"<h2 class=\"wp-block-heading\">Not\u00edcias<\/h2>\n\n\n\n<h3><a href=\"https:\/\/materiadesign.pt\/ept-temp\/conferencia-europeia-da-enpe\/\">Confer\u00eancia Europeia da ENPE<\/a><\/h3>\n<p>A Entidade para a Transpar\u00eancia (EpT) participou na Confer\u00eancia Europeia sobre o refor\u00e7o da integridade do sector p\u00fablico e a luta contra a influ\u00eancia indevida nas sociedades democr\u00e1ticas (The European Conference on Strengthening Public Integrity and Countering Undue Influence in Democracies), organizada pela Comiss\u00e3o para a Preven\u00e7\u00e3o da Corrup\u00e7\u00e3o Eslovena (KPK), em coopera\u00e7\u00e3o com a Rede Europeia para a \u00c9tica do Sector P\u00fablico (European Network for Public Ethics &#8211; ENPE), nos dias 4 e 5 de outubro, na Eslov\u00e9nia .<\/p>\n\n12 novembro 2023\n\n<h3><a href=\"https:\/\/materiadesign.pt\/ept-temp\/conferencia-internacional\/\">Confer\u00eancia internacional 40.\u00ba Anivers\u00e1rio do Tribunal Constitucional<\/a><\/h3>\n<p>A Presidente e os Vogais da Entidade para a Transpar\u00eancia, estiveram presentes na Confer\u00eancia Internacional comemorativa do 40.\u00ba Anivers\u00e1rio do Tribunal Constitucional.<\/p>\n\n12 novembro 2023","protected":false},"excerpt":{"rendered":"<p>Not\u00edcias Confer\u00eancia Europeia da ENPE A Entidade para a Transpar\u00eancia (EpT) participou na Confer\u00eancia Europeia sobre o refor\u00e7o da integridade do sector p\u00fablico e a luta contra a influ\u00eancia indevida nas sociedades democr\u00e1ticas (The European Conference on Strengthening Public Integrity and Countering Undue Influence in Democracies), organizada pela Comiss\u00e3o para a Preven\u00e7\u00e3o da Corrup\u00e7\u00e3o Eslovena [&hellip;]<\/p>\n","protected":false},"author":1,"featured_media":0,"parent":0,"menu_order":0,"comment_status":"closed","ping_status":"closed","template":"","meta":{"footnotes":""},"class_list":["post-1657","page","type-page","status-publish","hentry"],"_links":{"self":[{"href":"https:\/\/materiadesign.pt\/ept-temp\/wp-json\/wp\/v2\/pages\/1657","targetHints":{"allow":["GET"]}}],"collection":[{"href":"https:\/\/materiadesign.pt\/ept-temp\/wp-json\/wp\/v2\/pages"}],"about":[{"href":"https:\/\/materiadesign.pt\/ept-temp\/wp-json\/wp\/v2\/types\/page"}],"author":[{"embeddable":true,"href":"https:\/\/materiadesign.pt\/ept-temp\/wp-json\/wp\/v2\/users\/1"}],"replies":[{"embeddable":true,"href":"https:\/\/materiadesign.pt\/ept-temp\/wp-json\/wp\/v2\/comments?post=1657"}],"version-history":[{"count":7,"href":"https:\/\/materiadesign.pt\/ept-temp\/wp-json\/wp\/v2\/pages\/1657\/revisions"}],"predecessor-version":[{"id":1761,"href":"https:\/\/materiadesign.pt\/ept-temp\/wp-json\/wp\/v2\/pages\/1657\/revisions\/1761"}],"wp:attachment":[{"href":"https:\/\/materiadesign.pt\/ept-temp\/wp-json\/wp\/v2\/media?parent=1657"}],"curies":[{"name":"wp","href":"https:\/\/api.w.org\/{rel}","templated":true}]}}