{"id":484,"date":"2023-11-28T15:03:23","date_gmt":"2023-11-28T15:03:23","guid":{"rendered":"https:\/\/materiadesign.pt\/ept-temp\/?page_id=484"},"modified":"2024-02-06T16:27:04","modified_gmt":"2024-02-06T16:27:04","slug":"conferencia-europeia-da-enpe","status":"publish","type":"page","link":"https:\/\/materiadesign.pt\/ept-temp\/noticias\/conferencia-europeia-da-enpe\/","title":{"rendered":"Confer\u00eancia Europeia da ENPE"},"content":{"rendered":"\n<p><p>A Entidade para a Transpar\u00eancia (EpT) participou na Confer\u00eancia Europeia sobre o refor\u00e7o da integridade do sector p\u00fablico e a luta contra a influ\u00eancia indevida nas sociedades democr\u00e1ticas (The European Conference on Strengthening Public Integrity and Countering Undue Influence in Democracies), organizada pela Comiss\u00e3o para a Preven\u00e7\u00e3o da Corrup\u00e7\u00e3o Eslovena (KPK), em coopera\u00e7\u00e3o com a Rede Europeia para a \u00c9tica do Sector P\u00fablico (European Network for Public Ethics &#8211; ENPE), nos dias 4 e 5 de outubro, na Eslov\u00e9nia .&nbsp;<\/p>\n<p>Nesta iniciativa participaram enquanto oradores, Representantes do Governo da Eslov\u00e9nia e Peritos de renome internacional no dom\u00ednio da integridade p\u00fablica, da luta contra a corrup\u00e7\u00e3o e da governa\u00e7\u00e3o democr\u00e1tica (KPK, ENPE, OCDE, GRECO e Transpar\u00eancia Internacional).&nbsp;\u00c0 margem da Confer\u00eancia realizou-se a primeira reuni\u00e3o plen\u00e1ria da ENPE, rede da qual a EpTntidade para a Transpar\u00eancia \u00e9 membro desde julho de 2023, tendo os Vogais feito uma apresenta\u00e7\u00e3o sobre as compet\u00eancias, bem como os desafios e perspetivas para o futuro desta Entidade. Aproveitou-se o encontro para se discutir, com vista ao seu estabelecimento pela legisla\u00e7\u00e3o da Uni\u00e3o Europeia (UE), uma norma m\u00ednima comum que consagre a obriga\u00e7\u00e3o de apresenta\u00e7\u00e3o de uma declara\u00e7\u00e3o (de patrim\u00f3nio e interesses) por parte dos funcion\u00e1rios p\u00fablicos (Common minimum standard on reporting Obligations by public officials). A inten\u00e7\u00e3o \u00e9 que esta norma seja integrada e refletida na iniciativa legislativa da UE que se encontra em curso no contexto da preven\u00e7\u00e3o e combate \u00e0 corrup\u00e7\u00e3o.&nbsp;<\/p>\n<p>Mais informa\u00e7\u00e3o dispon\u00edvel no s\u00edtio da KPK:&nbsp;https:\/\/www.kpk-rs.si\/delo-komisije\/projekti-dogodki\/posveti-in-konference\/evropska-konferenca-enpe-2023\/&nbsp;.<\/p><\/p>\n\n\n\n<h2 class=\"wp-block-heading\">Confer\u00eancia Europeia da ENPE<\/h2>\n\n\n\n<figure class=\"wp-block-image size-large\"><a ><img loading=\"lazy\" decoding=\"async\" width=\"1024\" height=\"512\" src=\"https:\/\/materiadesign.pt\/ept-temp\/wp-content\/uploads\/2023\/11\/conferencia-europeia-da-enpe-01-1024x512.webp\" alt class=\"wp-image-487\" srcset=\"https:\/\/materiadesign.pt\/ept-temp\/wp-content\/uploads\/2023\/11\/conferencia-europeia-da-enpe-01-1024x512.webp 1024w, https:\/\/materiadesign.pt\/ept-temp\/wp-content\/uploads\/2023\/11\/conferencia-europeia-da-enpe-01-300x150.webp 300w, https:\/\/materiadesign.pt\/ept-temp\/wp-content\/uploads\/2023\/11\/conferencia-europeia-da-enpe-01-768x384.webp 768w, https:\/\/materiadesign.pt\/ept-temp\/wp-content\/uploads\/2023\/11\/conferencia-europeia-da-enpe-01-1536x768.webp 1536w, https:\/\/materiadesign.pt\/ept-temp\/wp-content\/uploads\/2023\/11\/conferencia-europeia-da-enpe-01.webp 1900w\" sizes=\"auto, (max-width: 1024px) 100vw, 1024px\" \/><\/a><\/figure>\n\n\n\n<figure class=\"wp-block-gallery has-nested-images columns-3 is-cropped wp-block-gallery-1 is-layout-flex wp-block-gallery-is-layout-flex\">\n<figure class=\"wp-block-image size-large\"><img loading=\"lazy\" decoding=\"async\" width=\"1024\" height=\"512\" data-id=\"487\" src=\"https:\/\/materiadesign.pt\/ept-temp\/wp-content\/uploads\/2023\/11\/conferencia-europeia-da-enpe-01-1024x512.webp\" alt=\"Confer\u00eancia Europeia da ENPE - Entidade para a Transpar\u00eancia\" class=\"wp-image-487\" srcset=\"https:\/\/materiadesign.pt\/ept-temp\/wp-content\/uploads\/2023\/11\/conferencia-europeia-da-enpe-01-1024x512.webp 1024w, https:\/\/materiadesign.pt\/ept-temp\/wp-content\/uploads\/2023\/11\/conferencia-europeia-da-enpe-01-300x150.webp 300w, https:\/\/materiadesign.pt\/ept-temp\/wp-content\/uploads\/2023\/11\/conferencia-europeia-da-enpe-01-768x384.webp 768w, https:\/\/materiadesign.pt\/ept-temp\/wp-content\/uploads\/2023\/11\/conferencia-europeia-da-enpe-01-1536x768.webp 1536w, https:\/\/materiadesign.pt\/ept-temp\/wp-content\/uploads\/2023\/11\/conferencia-europeia-da-enpe-01.webp 1900w\" sizes=\"auto, (max-width: 1024px) 100vw, 1024px\" \/><\/figure>\n\n\n\n<figure class=\"wp-block-image size-large\"><img loading=\"lazy\" decoding=\"async\" width=\"768\" height=\"1024\" data-id=\"488\" src=\"https:\/\/materiadesign.pt\/ept-temp\/wp-content\/uploads\/2023\/11\/conferencia-europeia-da-enpe-02-768x1024.webp\" alt=\"Confer\u00eancia Europeia da ENPE - Entidade para a Transpar\u00eancia\" class=\"wp-image-488\" srcset=\"https:\/\/materiadesign.pt\/ept-temp\/wp-content\/uploads\/2023\/11\/conferencia-europeia-da-enpe-02-768x1024.webp 768w, https:\/\/materiadesign.pt\/ept-temp\/wp-content\/uploads\/2023\/11\/conferencia-europeia-da-enpe-02-225x300.webp 225w, https:\/\/materiadesign.pt\/ept-temp\/wp-content\/uploads\/2023\/11\/conferencia-europeia-da-enpe-02-1152x1536.webp 1152w, https:\/\/materiadesign.pt\/ept-temp\/wp-content\/uploads\/2023\/11\/conferencia-europeia-da-enpe-02.webp 1425w\" sizes=\"auto, (max-width: 768px) 100vw, 768px\" \/><\/figure>\n\n\n\n<figure class=\"wp-block-image size-large\"><img loading=\"lazy\" decoding=\"async\" width=\"1024\" height=\"769\" data-id=\"622\" src=\"https:\/\/materiadesign.pt\/ept-temp\/wp-content\/uploads\/2023\/12\/conferencia-europeia-da-enpe-03-1024x769.webp\" alt=\"\" class=\"wp-image-622\" srcset=\"https:\/\/materiadesign.pt\/ept-temp\/wp-content\/uploads\/2023\/12\/conferencia-europeia-da-enpe-03-1024x769.webp 1024w, https:\/\/materiadesign.pt\/ept-temp\/wp-content\/uploads\/2023\/12\/conferencia-europeia-da-enpe-03-300x225.webp 300w, https:\/\/materiadesign.pt\/ept-temp\/wp-content\/uploads\/2023\/12\/conferencia-europeia-da-enpe-03-768x577.webp 768w, https:\/\/materiadesign.pt\/ept-temp\/wp-content\/uploads\/2023\/12\/conferencia-europeia-da-enpe-03.webp 1200w\" sizes=\"auto, (max-width: 1024px) 100vw, 1024px\" \/><\/figure>\n<\/figure>\n","protected":false},"excerpt":{"rendered":"<p>A Entidade para a Transpar\u00eancia (EpT) participou na Confer\u00eancia Europeia sobre o refor\u00e7o da integridade do sector p\u00fablico e a luta contra a influ\u00eancia indevida nas sociedades democr\u00e1ticas (The European Conference on Strengthening Public Integrity and Countering Undue Influence in Democracies), organizada pela Comiss\u00e3o para a Preven\u00e7\u00e3o da Corrup\u00e7\u00e3o Eslovena (KPK), em coopera\u00e7\u00e3o com a [&hellip;]<\/p>\n","protected":false},"author":1,"featured_media":0,"parent":1657,"menu_order":0,"comment_status":"closed","ping_status":"closed","template":"","meta":{"footnotes":""},"class_list":["post-484","page","type-page","status-publish","hentry"],"_links":{"self":[{"href":"https:\/\/materiadesign.pt\/ept-temp\/wp-json\/wp\/v2\/pages\/484","targetHints":{"allow":["GET"]}}],"collection":[{"href":"https:\/\/materiadesign.pt\/ept-temp\/wp-json\/wp\/v2\/pages"}],"about":[{"href":"https:\/\/materiadesign.pt\/ept-temp\/wp-json\/wp\/v2\/types\/page"}],"author":[{"embeddable":true,"href":"https:\/\/materiadesign.pt\/ept-temp\/wp-json\/wp\/v2\/users\/1"}],"replies":[{"embeddable":true,"href":"https:\/\/materiadesign.pt\/ept-temp\/wp-json\/wp\/v2\/comments?post=484"}],"version-history":[{"count":14,"href":"https:\/\/materiadesign.pt\/ept-temp\/wp-json\/wp\/v2\/pages\/484\/revisions"}],"predecessor-version":[{"id":1687,"href":"https:\/\/materiadesign.pt\/ept-temp\/wp-json\/wp\/v2\/pages\/484\/revisions\/1687"}],"up":[{"embeddable":true,"href":"https:\/\/materiadesign.pt\/ept-temp\/wp-json\/wp\/v2\/pages\/1657"}],"wp:attachment":[{"href":"https:\/\/materiadesign.pt\/ept-temp\/wp-json\/wp\/v2\/media?parent=484"}],"curies":[{"name":"wp","href":"https:\/\/api.w.org\/{rel}","templated":true}]}}