{"id":635,"date":"2023-12-02T18:34:40","date_gmt":"2023-12-02T18:34:40","guid":{"rendered":"https:\/\/materiadesign.pt\/ept-temp\/?page_id=635"},"modified":"2023-12-02T20:13:05","modified_gmt":"2023-12-02T20:13:05","slug":"legislacao","status":"publish","type":"page","link":"https:\/\/materiadesign.pt\/ept-temp\/legislacao\/","title":{"rendered":"Legisla\u00e7\u00e3o"},"content":{"rendered":"<h2 class=\"wp-block-heading\">Legisla\u00e7\u00e3o<\/h2>\n\n\n\n<h3><a href=\"https:\/\/materiadesign.pt\/ept-temp\/wp-content\/uploads\/2023\/12\/Lei-n.o-52-2019.pdf\">Lei n.\u00ba 52\/2019, de 31 de julho<\/a><\/h3><p>Aprova o regime do exerc\u00edcio de fun\u00e7\u00f5es por titulares de cargos pol\u00edticos e altos cargos p\u00fablicos.<\/p>\n\n31 julho 2019\n\n<h3><a href=\"https:\/\/materiadesign.pt\/ept-temp\/wp-content\/uploads\/2023\/12\/Lei-Organica-n.o-4-2019VF.pdf\">Lei Org\u00e2nica n.\u00ba 4\/2019, de 13 de setembro<\/a><\/h3><p>Aprova o Estatuto da Entidade para a Transpar\u00eancia e procede \u00e0 nona altera\u00e7\u00e3o \u00e0 Lei n.\u00ba 28\/82, de 15 de novembro, que aprova a organiza\u00e7\u00e3o, funcionamento e processo do Tribunal Constitucional.<\/p>\n\n13 setembro 2019\n\n<h3><a href=\"https:\/\/materiadesign.pt\/ept-temp\/wp-content\/uploads\/2023\/12\/Estatuto-da-Entidade-para-a-Transparencia.pdf\" rel=\"noopener\">Estatuto da Entidade para a Transpar\u00eancia<\/a><\/h3><p>Estatuto da Entidade para a Transpar\u00eancia<\/p>\n\n13 setembro 2019\n\n<h3><a href=\"https:\/\/www.tribunalconstitucional.pt\/tc\/legislacao0101.html\" target=\"_blank\" rel=\"noopener\">Lei n.\u00ba 28\/82, de 15 de novembro<\/a><\/h3><p>Organiza\u00e7\u00e3o, Funcionamento e Processo do Tribunal Constitucional<\/p>\n\n13 setembro 2019","protected":false},"excerpt":{"rendered":"<p>Legisla\u00e7\u00e3o Lei n.\u00ba 52\/2019, de 31 de julho Aprova o regime do exerc\u00edcio de fun\u00e7\u00f5es por titulares de cargos pol\u00edticos e altos cargos p\u00fablicos. 31 julho 2019 Lei Org\u00e2nica n.\u00ba 4\/2019, de 13 de setembro Aprova o Estatuto da Entidade para a Transpar\u00eancia e procede \u00e0 nona altera\u00e7\u00e3o \u00e0 Lei n.\u00ba 28\/82, de 15 de [&hellip;]<\/p>\n","protected":false},"author":1,"featured_media":0,"parent":0,"menu_order":0,"comment_status":"closed","ping_status":"closed","template":"","meta":{"footnotes":""},"class_list":["post-635","page","type-page","status-publish","hentry"],"_links":{"self":[{"href":"https:\/\/materiadesign.pt\/ept-temp\/wp-json\/wp\/v2\/pages\/635","targetHints":{"allow":["GET"]}}],"collection":[{"href":"https:\/\/materiadesign.pt\/ept-temp\/wp-json\/wp\/v2\/pages"}],"about":[{"href":"https:\/\/materiadesign.pt\/ept-temp\/wp-json\/wp\/v2\/types\/page"}],"author":[{"embeddable":true,"href":"https:\/\/materiadesign.pt\/ept-temp\/wp-json\/wp\/v2\/users\/1"}],"replies":[{"embeddable":true,"href":"https:\/\/materiadesign.pt\/ept-temp\/wp-json\/wp\/v2\/comments?post=635"}],"version-history":[{"count":5,"href":"https:\/\/materiadesign.pt\/ept-temp\/wp-json\/wp\/v2\/pages\/635\/revisions"}],"predecessor-version":[{"id":696,"href":"https:\/\/materiadesign.pt\/ept-temp\/wp-json\/wp\/v2\/pages\/635\/revisions\/696"}],"wp:attachment":[{"href":"https:\/\/materiadesign.pt\/ept-temp\/wp-json\/wp\/v2\/media?parent=635"}],"curies":[{"name":"wp","href":"https:\/\/api.w.org\/{rel}","templated":true}]}}