{"id":89,"date":"2023-11-13T19:00:45","date_gmt":"2023-11-13T19:00:45","guid":{"rendered":"https:\/\/materiadesign.pt\/ept-temp\/?page_id=89"},"modified":"2024-02-01T17:06:29","modified_gmt":"2024-02-01T17:06:29","slug":"entidade-para-a-transparencia-3","status":"publish","type":"page","link":"https:\/\/materiadesign.pt\/ept-temp\/","title":{"rendered":"ENTIDADE PARA A TRANSPAR\u00caNCIA"},"content":{"rendered":"<blockquote>\n<p>A miss\u00e3o da Entidade para a Transpar\u00eancia\u00a0 consiste, nos termos legais, na aprecia\u00e7\u00e3o e fiscaliza\u00e7\u00e3o da declara\u00e7\u00e3o \u00fanica de rendimentos, patrim\u00f3nio, interesses, incompatibilidades e impedimentos dos titulares de cargos pol\u00edticos, altos cargos p\u00fablicos e equiparados.<br \/>Esta refer\u00eancia demonstra, desde logo, que a transpar\u00eancia n\u00e3o representa um fim a se stante, mas antes um meio para a satisfa\u00e7\u00e3o de um fim. O que, por sua vez, exige duas observa\u00e7\u00f5es complementares, relativas, quer \u00e0 identifica\u00e7\u00e3o da finalidade a atingir, quer \u00e0 posi\u00e7\u00e3o da Entidade no contexto de outros mecanismos institucionais, criados para responder ao mesmo fim.<\/p>\n<\/blockquote>\n\n<div class=\"wp-block-buttons is-layout-flex wp-block-buttons-is-layout-flex\"><div class=\"wp-block-button\"><a class=\"wp-block-button__link\">saber mais<\/a><\/div><\/div>\n\n<h6 class=\"wp-block-heading\">Delibera\u00e7\u00e3o<\/h6>\n\n<h3><a href=\"https:\/\/materiadesign.pt\/ept-temp\/noticia-sem-fotografia\/\">Delibera\u00e7\u00e3o N.\u00ba1\/2023 da Entidade para a Transpar\u00eancia<\/a><\/h3>\n<p>Lorem ipsum dolor sit amet, consectetur adipiscing elit, sed do eiusmod tempor incididunt ut labore et dolore magna aliqua. Semper risus in hendrerit gravida rutrum quisque. Turpis tincidunt id aliquet risus feugiat.<\/p>\n\n14 novembro 2023\n\n<h4 class=\"wp-block-heading\"><\/h4>\n\n<h6 class=\"wp-block-heading\">Not\u00edcia<\/h6>\n\n<h3><a href=\"https:\/\/materiadesign.pt\/ept-temp\/conferencia-internacional\/\">Confer\u00eancia internacional 40.\u00ba Anivers\u00e1rio do Tribunal Constitucional<\/a><\/h3>\n<p>A Presidente e os Vogais da Entidade para a Transpar\u00eancia, estiveram presentes na Confer\u00eancia Internacional comemorativa do 40.\u00ba Anivers\u00e1rio do Tribunal Constitucional.<\/p>\n\n12 novembro 2023\n\n<h6 class=\"wp-block-heading\">agenda<\/h6>\n\n<p>28 mar\u00e7o, quinta-feira&nbsp;<\/p>\n\n<!-- wp:Array \/-->\n\n<h6 class=\"wp-block-heading\">Not\u00edcia<\/h6>\n\n<h3><a href=\"https:\/\/materiadesign.pt\/ept-temp\/conferencia-europeia-da-enpe\/\">Confer\u00eancia Europeia da ENPE<\/a><\/h3>\n<p>A Entidade para a Transpar\u00eancia (EpT) participou na Confer\u00eancia Europeia sobre o refor\u00e7o da integridade do sector p\u00fablico e a luta contra a influ\u00eancia indevida nas sociedades democr\u00e1ticas (The European Conference on Strengthening Public Integrity and Countering Undue Influence in Democracies), organizada pela Comiss\u00e3o para a Preven\u00e7\u00e3o da Corrup\u00e7\u00e3o Eslovena (KPK), em coopera\u00e7\u00e3o com a Rede Europeia para a \u00c9tica do Sector P\u00fablico (European Network for Public Ethics &#8211; ENPE), nos dias 4 e 5 de outubro, na Eslov\u00e9nia .<\/p>\n\n12 novembro 2023\n\n<p>29 mar\u00e7o, sexta-<span style=\"background-color: initial; color: var(--bricks-color-vljoln);\">feira&nbsp;<\/span><\/p>\n\n<!-- wp:Array \/-->\n\n<p>11 abril, quinta-feira&nbsp;<\/p>\n\n<!-- wp:Array \/-->\n\n","protected":false},"excerpt":{"rendered":"<p>A miss\u00e3o da Entidade para a Transpar\u00eancia\u00a0 consiste, nos termos legais, na aprecia\u00e7\u00e3o e fiscaliza\u00e7\u00e3o da declara\u00e7\u00e3o \u00fanica de rendimentos, patrim\u00f3nio, interesses, incompatibilidades e impedimentos dos titulares de cargos pol\u00edticos, altos cargos p\u00fablicos e equiparados.Esta refer\u00eancia demonstra, desde logo, que a transpar\u00eancia n\u00e3o representa um fim a se stante, mas antes um meio para a [&hellip;]<\/p>\n","protected":false},"author":1,"featured_media":0,"parent":0,"menu_order":0,"comment_status":"closed","ping_status":"closed","template":"","meta":{"footnotes":""},"class_list":["post-89","page","type-page","status-publish","hentry"],"_links":{"self":[{"href":"https:\/\/materiadesign.pt\/ept-temp\/wp-json\/wp\/v2\/pages\/89","targetHints":{"allow":["GET"]}}],"collection":[{"href":"https:\/\/materiadesign.pt\/ept-temp\/wp-json\/wp\/v2\/pages"}],"about":[{"href":"https:\/\/materiadesign.pt\/ept-temp\/wp-json\/wp\/v2\/types\/page"}],"author":[{"embeddable":true,"href":"https:\/\/materiadesign.pt\/ept-temp\/wp-json\/wp\/v2\/users\/1"}],"replies":[{"embeddable":true,"href":"https:\/\/materiadesign.pt\/ept-temp\/wp-json\/wp\/v2\/comments?post=89"}],"version-history":[{"count":101,"href":"https:\/\/materiadesign.pt\/ept-temp\/wp-json\/wp\/v2\/pages\/89\/revisions"}],"predecessor-version":[{"id":1681,"href":"https:\/\/materiadesign.pt\/ept-temp\/wp-json\/wp\/v2\/pages\/89\/revisions\/1681"}],"wp:attachment":[{"href":"https:\/\/materiadesign.pt\/ept-temp\/wp-json\/wp\/v2\/media?parent=89"}],"curies":[{"name":"wp","href":"https:\/\/api.w.org\/{rel}","templated":true}]}}